{"id":65,"date":"2014-06-03T23:19:15","date_gmt":"2014-06-03T21:19:15","guid":{"rendered":"http:\/\/schauspiel-coaching.com.w011c189.kasserver.com\/?page_id=65"},"modified":"2021-01-18T19:45:53","modified_gmt":"2021-01-18T17:45:53","slug":"workshops","status":"publish","type":"page","link":"http:\/\/schauspiel-coaching.com\/?page_id=65","title":{"rendered":"KONZEPT"},"content":{"rendered":"<p style=\"text-align: center;\"><strong>THEATERPROJEKTE \u00a0\u2022\u00a0 ROLLENARBEIT \u2022\u00a0 COACHING \u2022 DEMOTAPES<\/strong><\/p>\n<p style=\"text-align: center;\"><span style=\"color: #800000;\"><strong>Entspannt und konzentriert spielen<\/strong><\/span><\/p>\n<p style=\"text-align: center;\">\n<p style=\"text-align: left;\"><strong>Rollenarbeit<\/strong><br \/>\nWir arbeiten an Charakterstudien von Figuren und ihrem Verhalten in der jeweiligen szenischen Situation. Gleichzeitig besch\u00e4ftigen wir uns mit der Form der Szene, dem technischen Ablauf und dem Rhythmus. Ziel ist ein kompetenter Auftritt.<br \/>\nWir geben Feedback zum Rollenrepertoire.\u00a0und machen Vorschl\u00e4ge\u00a0f\u00fcr geeignete Vorsprechrollen. Videoanalyse.<br \/>\n<em>&#8222;Schauspielen ist die F\u00e4higkeit, wahrhaftig unter vorgegebenen Umst\u00e4nden zu leben.&#8220;<\/em><br \/>\nSanford Meisner<\/p>\n<p><strong>Die Stimme<\/strong><br \/>\nDer Charakter der Stimme, ihre F\u00e4rbung, Tempo und Rhythmus, wie auch die Intensit\u00e4t des Sprechens k\u00f6nnen viel \u00fcber das Temperament, den Charakter, die innere Verfassung und das Alter einer Figur aussagen. Mit bestimmten \u00dcbungen k\u00f6nnen wir darauf Einflu\u00df nehmen.<\/p>\n<p><strong>Die Vorsprechsituation<\/strong><br \/>\nLampenfieber verstehen und nutzen, individuelle Verhaltensmuster und Blockaden erkennen, Authentizit\u00e4t und Charisma gezielt entwickeln.<br \/>\nAuthentisch sein hei\u00dft, in hohem Ma\u00dfe der eigenen unverwechselbaren Pers\u00f6nlichkeit Ausdruck zu verleihen. Durchl\u00e4ssigkeit und Selbstsicherheit sind das Ziel. Es ist schon viel gewonnen, wenn der Schauspieler einen Ablauf hat, auf den er sich verlassen kann, ein klar durchstrukturiertes Ger\u00fcst, so da\u00df er sich von Punkt zu Punkt sicher bewegen kann.<br \/>\n<em>&#8222;Kreativit\u00e4t entsteht nicht in der Wiederholung, sondern im unwiederbringlichen Augenblick, die Wiederholung ist rhythmisch, z.B. der Atem ist rhythmisch. Aber jeder Atemzug ist auch einzigartig. Routine ist der Tod der Kreativit\u00e4t. Wir brauchen als Grundvoraussetzung eine feste Struktur, aber sie mu\u00df immer wieder in den einzigartigen Augenblick geholt werden.&#8220;<\/em><br \/>\nMichael Br\u00fcck<\/p>\n<p><strong>Demotapes<\/strong><br \/>\nWir erstellen Demotapes, mit denen du dich professionell pr\u00e4sentieren kannst.<\/p>\n","protected":false},"excerpt":{"rendered":"<p>THEATERPROJEKTE \u00a0\u2022\u00a0 ROLLENARBEIT \u2022\u00a0 COACHING \u2022 DEMOTAPES Entspannt und konzentriert spielen Rollenarbeit Wir arbeiten an Charakterstudien von Figuren und ihrem Verhalten in der jeweiligen szenischen Situation. Gleichzeitig besch\u00e4ftigen wir uns mit der Form der Szene, dem technischen Ablauf und dem Rhythmus. Ziel ist ein kompetenter Auftritt. Wir geben Feedback zum Rollenrepertoire.\u00a0und machen Vorschl\u00e4ge\u00a0f\u00fcr geeignete Vorsprechrollen. [&hellip;]<\/p>\n","protected":false},"author":1,"featured_media":0,"parent":0,"menu_order":0,"comment_status":"closed","ping_status":"closed","template":"","meta":[],"_links":{"self":[{"href":"http:\/\/schauspiel-coaching.com\/index.php?rest_route=\/wp\/v2\/pages\/65"}],"collection":[{"href":"http:\/\/schauspiel-coaching.com\/index.php?rest_route=\/wp\/v2\/pages"}],"about":[{"href":"http:\/\/schauspiel-coaching.com\/index.php?rest_route=\/wp\/v2\/types\/page"}],"author":[{"embeddable":true,"href":"http:\/\/schauspiel-coaching.com\/index.php?rest_route=\/wp\/v2\/users\/1"}],"replies":[{"embeddable":true,"href":"http:\/\/schauspiel-coaching.com\/index.php?rest_route=%2Fwp%2Fv2%2Fcomments&post=65"}],"version-history":[{"count":172,"href":"http:\/\/schauspiel-coaching.com\/index.php?rest_route=\/wp\/v2\/pages\/65\/revisions"}],"predecessor-version":[{"id":1047,"href":"http:\/\/schauspiel-coaching.com\/index.php?rest_route=\/wp\/v2\/pages\/65\/revisions\/1047"}],"wp:attachment":[{"href":"http:\/\/schauspiel-coaching.com\/index.php?rest_route=%2Fwp%2Fv2%2Fmedia&parent=65"}],"curies":[{"name":"wp","href":"https:\/\/api.w.org\/{rel}","templated":true}]}}