{"id":17,"date":"2014-05-30T10:23:04","date_gmt":"2014-05-30T08:23:04","guid":{"rendered":"http:\/\/schauspiel-coaching.com.w011c189.kasserver.com\/?page_id=17"},"modified":"2021-04-14T10:56:56","modified_gmt":"2021-04-14T08:56:56","slug":"profile","status":"publish","type":"page","link":"http:\/\/schauspiel-coaching.com\/?page_id=17","title":{"rendered":"TEAM"},"content":{"rendered":"<p><img decoding=\"async\" loading=\"lazy\" class=\"alignnone size-medium wp-image-244\" src=\"http:\/\/schauspiel-coaching.com\/wp-content\/uploads\/2014\/05\/P2070527-300x225.jpg\" alt=\"Peter L\u00f6scher\" width=\"300\" height=\"225\" srcset=\"http:\/\/schauspiel-coaching.com\/wp-content\/uploads\/2014\/05\/P2070527-300x225.jpg 300w, http:\/\/schauspiel-coaching.com\/wp-content\/uploads\/2014\/05\/P2070527.jpg 428w\" sizes=\"(max-width: 300px) 100vw, 300px\" \/><br \/>\n<strong>PETER L\u00d6SCHER<\/strong> Studium der Germanistik, Philosophie und Regie in Berlin und Los Angeles (UCLA\/M.A.). Weitere Studien in London (Royal Shakespeare Company), Los Angeles (Lee Strasberg), bei Sbigniew Cynkutis (Grotowski-Gruppe),\u00a0internationales Seminar in Kalkutta (asiatisches Theater),\u00a0Margi Kathakali-Theater (Trivandrum, S\u00fcdindien). Regisseur am Schauspiel Frankfurt, D\u00fcsseldorfer Schauspielhaus, Deutschen Schauspielhaus Hamburg. Lehrt\u00e4tigkeiten und Workshops im In- und Ausland. Freie Projekte f\u00fcr das Theater am Turm in Frankfurt, Kampnagel in Hamburg, die Dokumenta VIII in Kassel (mit dem Instellationsk\u00fcnstler George Trakas). Zahlreiche Inszenierungen an verschiedenen Theatern: Residenztheater M\u00fcnchen, Thalia Theater Hamburg, Freie Volksb\u00fchne Berlin, Hamburger Staatsoper (opera stabile), Schauspiel Bonn, Theater Basel, Schauspiel K\u00f6ln. Mit drei Inszenierungen beim Berliner Theatertreffen. Gastprofessuren an der Universit\u00e4t der K\u00fcnste in Berlin (regelm\u00e4\u00dfig von 1988-2010), an der Universit\u00e4t Giessen, an der Hamburger Theaterakademie (regelm\u00e4\u00dfig von 2002-2013). Inszenierungen mit Edgar M. B\u00f6hlke, Christian Redl, Ulrich Wildgruber, J\u00fcrgen Prochnow, Barabara Sukowa, Herbert Knaup, u.a. Peter L\u00f6scher in: Henschel Theaterlexikon. Hrsg. C. Bernd Sucher 2010. Peter L\u00f6scher <a title=\"Wikipedia\" href=\"http:\/\/de.wikipedia.org\/wiki\/Peter_L%C3%B6scher_%28Theaterregisseur%29\" target=\"_blank\">bei Wikipedia<\/a><\/p>\n<p><img decoding=\"async\" loading=\"lazy\" class=\"alignnone size-medium wp-image-338\" src=\"http:\/\/schauspiel-coaching.com\/wp-content\/uploads\/2014\/05\/6812a-221x300.jpg\" alt=\"Annette Uhlen\" width=\"221\" height=\"300\" srcset=\"http:\/\/schauspiel-coaching.com\/wp-content\/uploads\/2014\/05\/6812a-221x300.jpg 221w, http:\/\/schauspiel-coaching.com\/wp-content\/uploads\/2014\/05\/6812a-756x1024.jpg 756w, http:\/\/schauspiel-coaching.com\/wp-content\/uploads\/2014\/05\/6812a.jpg 1772w\" sizes=\"(max-width: 221px) 100vw, 221px\" \/><br \/>\n<strong>ANNETTE UHLEN<\/strong> Schauspielstudium an der Hochschule f\u00fcr Musik und Theater in Hamburg Weitere Studien bei Walter Lott (Strasberg Lehrer), Robert Lewis (Regisseur Mitbegr\u00fcnder des Actor&#8217;s Studio, New York), Mike Bernardin (Meisner Technik). Engagements u.a. am Deutschen Schauspielhaus Hamburg, Thalia Theater Hamburg, Hamburger Kammerspiele, Kampnagel Hamburg, Theater Bremen, Schauspiel K\u00f6ln, Theater Basel, Volkstheater Wien, Schauspiel Frankfurt. Zahlreiche Kino- und Fernsehfilme. Freie Theaterprojekte u.a. f\u00fcr Kampnagel Hamburg, Kulturhaus 73 Hamburg, Polittb\u00fcro Hamburg. Gastprofessur an der HFF &#8222;Konrad Wolf&#8220;, Potsdam Babelsberg, Dozentin f\u00fcr Schauspiel u.a. an der Z\u00fcrcher Hochschule der K\u00fcnste, an der Joop van den Ende Academy Hamburg und der Stella Academy Hamburg. Workshop f\u00fcr die Europa Universit\u00e4t Krems. Projekte als Regisseurin u.a. f\u00fcr Eckart von Hirschhausen (&#8222;Wunderheiler&#8220;), Kampnagel Hamburg, Theater Basel, HFF Potsdam Babelsberg, ZHdK. Coaching: Oleg Vynnyk f\u00fcr die\u00a0Hauptrolle &#8222;Les Mis\u00e9rables&#8220; am Theater des Westens Berlin, Maryam Zaree f\u00fcr die Hauptrolle in &#8222;Shahada&#8220; (Berlinale Wettbewerbsbeitrag\u00a02010), Eckhart von Hirschhausen f\u00fcr das Kabarettprogramm &#8222;Wunderheiler&#8220;, u.a. Ausgezeichnet mit dem Deutschen Darstellerpreis &#8222;Charlie Chaplin Schuh&#8220; f\u00fcr &#8222;Lenz oder die Freiheit&#8220; R: Dieter Berner und &#8222;Mit meinen hei\u00dfen Tr\u00e4nen&#8220; R: Fritz Lehner. Annette Uhlen bei <a title=\"IMDb\" href=\"http:\/\/www.imdb.com\/name\/nm0880186\/\" target=\"_blank\">IMDb<\/a> <a href=\"https:\/\/de.wikipedia.org\/wiki\/Annette_Uhlen\" target=\"_blank\">Wikipedia<\/a><\/p>\n<p><img decoding=\"async\" loading=\"lazy\" class=\"alignnone size-medium wp-image-982\" src=\"http:\/\/schauspiel-coaching.com\/wp-content\/uploads\/2014\/05\/Jonny-L\u00f6scher1-262x300.jpg\" alt=\"Jonny L\u00f6scher\" width=\"262\" height=\"300\" srcset=\"http:\/\/schauspiel-coaching.com\/wp-content\/uploads\/2014\/05\/Jonny-L\u00f6scher1-262x300.jpg 262w, http:\/\/schauspiel-coaching.com\/wp-content\/uploads\/2014\/05\/Jonny-L\u00f6scher1.jpg 621w\" sizes=\"(max-width: 262px) 100vw, 262px\" \/><br \/>\n<strong>JONNY L\u00d6SCHER<\/strong> Ausbildung zum Kameramann und Beleuchter bei Cinegate Hamburg. Weitere Ausbildung: Praktikum beim NDR in Hamburg.\u00a0 Arbeiten als Beleuchter, Kamera-Assistent, Kamerab\u00fchne, Kameramann u.a. f\u00fcr Cinegate, Panther, Electric Sun bei Spielfilmen, Kurzfilmen, Werbung und Musikvideos. Regie, Drehbuch und Kamera f\u00fcr Kurzfilme.<\/p>\n<div id=\"__if72ru4sdfsdfruh7fewui_once\" style=\"display: none;\"><\/div>\n<div id=\"__zsc_once\"><\/div>\n","protected":false},"excerpt":{"rendered":"<p>PETER L\u00d6SCHER Studium der Germanistik, Philosophie und Regie in Berlin und Los Angeles (UCLA\/M.A.). Weitere Studien in London (Royal Shakespeare Company), Los Angeles (Lee Strasberg), bei Sbigniew Cynkutis (Grotowski-Gruppe),\u00a0internationales Seminar in Kalkutta (asiatisches Theater),\u00a0Margi Kathakali-Theater (Trivandrum, S\u00fcdindien). Regisseur am Schauspiel Frankfurt, D\u00fcsseldorfer Schauspielhaus, Deutschen Schauspielhaus Hamburg. Lehrt\u00e4tigkeiten und Workshops im In- und Ausland. Freie Projekte [&hellip;]<\/p>\n","protected":false},"author":1,"featured_media":0,"parent":0,"menu_order":0,"comment_status":"closed","ping_status":"closed","template":"","meta":[],"_links":{"self":[{"href":"http:\/\/schauspiel-coaching.com\/index.php?rest_route=\/wp\/v2\/pages\/17"}],"collection":[{"href":"http:\/\/schauspiel-coaching.com\/index.php?rest_route=\/wp\/v2\/pages"}],"about":[{"href":"http:\/\/schauspiel-coaching.com\/index.php?rest_route=\/wp\/v2\/types\/page"}],"author":[{"embeddable":true,"href":"http:\/\/schauspiel-coaching.com\/index.php?rest_route=\/wp\/v2\/users\/1"}],"replies":[{"embeddable":true,"href":"http:\/\/schauspiel-coaching.com\/index.php?rest_route=%2Fwp%2Fv2%2Fcomments&post=17"}],"version-history":[{"count":139,"href":"http:\/\/schauspiel-coaching.com\/index.php?rest_route=\/wp\/v2\/pages\/17\/revisions"}],"predecessor-version":[{"id":1057,"href":"http:\/\/schauspiel-coaching.com\/index.php?rest_route=\/wp\/v2\/pages\/17\/revisions\/1057"}],"wp:attachment":[{"href":"http:\/\/schauspiel-coaching.com\/index.php?rest_route=%2Fwp%2Fv2%2Fmedia&parent=17"}],"curies":[{"name":"wp","href":"https:\/\/api.w.org\/{rel}","templated":true}]}}